{"id":1093,"date":"2024-02-29T03:23:45","date_gmt":"2024-02-29T08:23:45","guid":{"rendered":"https:\/\/lawitu.com\/?page_id=1093"},"modified":"2024-05-18T16:09:06","modified_gmt":"2024-05-18T21:09:06","slug":"visas","status":"publish","type":"page","link":"https:\/\/lawitu.com\/en\/visas\/","title":{"rendered":"Visas"},"content":{"rendered":"<div data-elementor-type=\"wp-page\" data-elementor-id=\"1093\" class=\"elementor elementor-1093\" data-elementor-post-type=\"page\">\n\t\t\t\t\t\t<section data-particle_enable=\"false\" data-particle-mobile-disabled=\"false\" class=\"elementor-section elementor-top-section elementor-element elementor-element-2c00fd5 elementor-section-boxed elementor-section-height-default elementor-section-height-default\" data-id=\"2c00fd5\" data-element_type=\"section\" data-e-type=\"section\" data-settings=\"{&quot;ekit_has_onepagescroll_dot&quot;:&quot;yes&quot;}\">\n\t\t\t\t\t\t<div class=\"elementor-container elementor-column-gap-no\">\n\t\t\t\t\t<div class=\"elementor-column elementor-col-50 elementor-top-column elementor-element elementor-element-2cbca6a0\" data-id=\"2cbca6a0\" data-element_type=\"column\" data-e-type=\"column\">\n\t\t\t<div class=\"elementor-widget-wrap elementor-element-populated\">\n\t\t\t\t\t\t<div class=\"elementor-element elementor-element-d7f0a26 elementor-widget elementor-widget-heading\" data-id=\"d7f0a26\" data-element_type=\"widget\" data-e-type=\"widget\" data-settings=\"{&quot;ekit_we_effect_on&quot;:&quot;none&quot;}\" data-widget_type=\"heading.default\">\n\t\t\t\t<div class=\"elementor-widget-container\">\n\t\t\t\t\t<h2 class=\"elementor-heading-title elementor-size-default\">Visas<\/h2>\t\t\t\t<\/div>\n\t\t\t\t<\/div>\n\t\t\t\t<div class=\"elementor-element elementor-element-200dc00a elementor-widget elementor-widget-image\" data-id=\"200dc00a\" data-element_type=\"widget\" data-e-type=\"widget\" data-settings=\"{&quot;ekit_we_effect_on&quot;:&quot;none&quot;}\" data-widget_type=\"image.default\">\n\t\t\t\t<div class=\"elementor-widget-container\">\n\t\t\t\t\t\t\t\t\t\t\t\t\t\t\t<img fetchpriority=\"high\" decoding=\"async\" width=\"800\" height=\"530\" src=\"https:\/\/lawitu.com\/wp-content\/uploads\/2024\/02\/inmigracion-ciudadania-por-naturalizacion-2.jpg\" class=\"attachment-large size-large wp-image-1086\" alt=\"\" srcset=\"https:\/\/lawitu.com\/wp-content\/uploads\/2024\/02\/inmigracion-ciudadania-por-naturalizacion-2.jpg 800w, https:\/\/lawitu.com\/wp-content\/uploads\/2024\/02\/inmigracion-ciudadania-por-naturalizacion-2-300x199.jpg 300w, https:\/\/lawitu.com\/wp-content\/uploads\/2024\/02\/inmigracion-ciudadania-por-naturalizacion-2-768x509.jpg 768w\" sizes=\"(max-width: 800px) 100vw, 800px\" \/>\t\t\t\t\t\t\t\t\t\t\t\t\t\t\t<\/div>\n\t\t\t\t<\/div>\n\t\t\t\t<div class=\"elementor-element elementor-element-243c345 elementor-widget elementor-widget-text-editor\" data-id=\"243c345\" data-element_type=\"widget\" data-e-type=\"widget\" data-settings=\"{&quot;ekit_we_effect_on&quot;:&quot;none&quot;}\" data-widget_type=\"text-editor.default\">\n\t\t\t\t<div class=\"elementor-widget-container\">\n\t\t\t\t\t\t\t\t\t<p data-sourcepos=\"3:1-3:280\"><strong>LAWITU<\/strong> offers a comprehensive advisory service to help you obtain US citizenship through naturalization. Their team of immigration attorneys will accompany you every step of the process, from the initial evaluation to the final interview with USCIS.<\/p><p data-sourcepos=\"5:1-5:45\"><strong>The services offered by LAWITU include:<\/strong><\/p>\t\t\t\t\t\t\t\t<\/div>\n\t\t\t\t<\/div>\n\t\t\t\t<div class=\"elementor-element elementor-element-a9acf0c elementor-icon-list--layout-traditional elementor-list-item-link-full_width elementor-widget elementor-widget-icon-list\" data-id=\"a9acf0c\" data-element_type=\"widget\" data-e-type=\"widget\" data-settings=\"{&quot;ekit_we_effect_on&quot;:&quot;none&quot;}\" data-widget_type=\"icon-list.default\">\n\t\t\t\t<div class=\"elementor-widget-container\">\n\t\t\t\t\t\t\t<ul class=\"elementor-icon-list-items\">\n\t\t\t\t\t\t\t<li class=\"elementor-icon-list-item\">\n\t\t\t\t\t\t\t\t\t\t\t<span class=\"elementor-icon-list-icon\">\n\t\t\t\t\t\t\t<i aria-hidden=\"true\" class=\"fas fa-check\"><\/i>\t\t\t\t\t\t<\/span>\n\t\t\t\t\t\t\t\t\t\t<span class=\"elementor-icon-list-text\"><b>Free Case Evaluation:<\/b> A LAWITU attorney will review your individual situation and give you an honest evaluation of your chances of obtaining citizenship.<\/span>\n\t\t\t\t\t\t\t\t\t<\/li>\n\t\t\t\t\t\t\t\t<li class=\"elementor-icon-list-item\">\n\t\t\t\t\t\t\t\t\t\t\t<span class=\"elementor-icon-list-icon\">\n\t\t\t\t\t\t\t<i aria-hidden=\"true\" class=\"fas fa-check\"><\/i>\t\t\t\t\t\t<\/span>\n\t\t\t\t\t\t\t\t\t\t<span class=\"elementor-icon-list-text\"><b>Preparation of Form N-400:<\/b> LAWITU will help you correctly complete Form N-400, Application for Naturalization, and provide you with the necessary information to gather all the required documents.<\/span>\n\t\t\t\t\t\t\t\t\t<\/li>\n\t\t\t\t\t\t\t\t<li class=\"elementor-icon-list-item\">\n\t\t\t\t\t\t\t\t\t\t\t<span class=\"elementor-icon-list-icon\">\n\t\t\t\t\t\t\t<i aria-hidden=\"true\" class=\"fas fa-check\"><\/i>\t\t\t\t\t\t<\/span>\n\t\t\t\t\t\t\t\t\t\t<span class=\"elementor-icon-list-text\"><b>Legal representation before USCIS:<\/b> A LAWITU attorney will represent you at your interview with USCIS and will defend you in case there is any problem with your application.<\/span>\n\t\t\t\t\t\t\t\t\t<\/li>\n\t\t\t\t\t\t\t\t<li class=\"elementor-icon-list-item\">\n\t\t\t\t\t\t\t\t\t\t\t<span class=\"elementor-icon-list-icon\">\n\t\t\t\t\t\t\t<i aria-hidden=\"true\" class=\"fas fa-check\"><\/i>\t\t\t\t\t\t<\/span>\n\t\t\t\t\t\t\t\t\t\t<span class=\"elementor-icon-list-text\"><b>Preparation for the English and Civics Test:<\/b> LAWITU will provide you with study materials and help you prepare for the English and Civics Test that you must pass to obtain citizenship.<\/span>\n\t\t\t\t\t\t\t\t\t<\/li>\n\t\t\t\t\t\t\t\t<li class=\"elementor-icon-list-item\">\n\t\t\t\t\t\t\t\t\t\t\t<span class=\"elementor-icon-list-icon\">\n\t\t\t\t\t\t\t<i aria-hidden=\"true\" class=\"fas fa-check\"><\/i>\t\t\t\t\t\t<\/span>\n\t\t\t\t\t\t\t\t\t\t<span class=\"elementor-icon-list-text\"><b>Tracking your case:<\/b> LAWITU will keep you informed about the status of your case and help you resolve any problems that may arise.<\/span>\n\t\t\t\t\t\t\t\t\t<\/li>\n\t\t\t\t\t\t<\/ul>\n\t\t\t\t\t\t<\/div>\n\t\t\t\t<\/div>\n\t\t\t\t\t<\/div>\n\t\t<\/div>\n\t\t\t\t<div class=\"elementor-column elementor-col-50 elementor-top-column elementor-element elementor-element-62438329\" data-id=\"62438329\" data-element_type=\"column\" data-e-type=\"column\">\n\t\t\t<div class=\"elementor-widget-wrap elementor-element-populated\">\n\t\t\t\t\t\t<section data-particle_enable=\"false\" data-particle-mobile-disabled=\"false\" class=\"elementor-section elementor-inner-section elementor-element elementor-element-3ac34869 elementor-section-boxed elementor-section-height-default elementor-section-height-default\" data-id=\"3ac34869\" data-element_type=\"section\" data-e-type=\"section\" data-settings=\"{&quot;background_background&quot;:&quot;classic&quot;,&quot;ekit_has_onepagescroll_dot&quot;:&quot;yes&quot;}\">\n\t\t\t\t\t\t<div class=\"elementor-container elementor-column-gap-no\">\n\t\t\t\t\t<div class=\"elementor-column elementor-col-100 elementor-inner-column elementor-element elementor-element-1ca713cf\" data-id=\"1ca713cf\" data-element_type=\"column\" data-e-type=\"column\" data-settings=\"{&quot;background_background&quot;:&quot;classic&quot;}\">\n\t\t\t<div class=\"elementor-widget-wrap elementor-element-populated\">\n\t\t\t\t\t<div class=\"elementor-background-overlay\"><\/div>\n\t\t\t\t\t\t<div class=\"elementor-element elementor-element-659aad33 elementor-widget elementor-widget-heading\" data-id=\"659aad33\" data-element_type=\"widget\" data-e-type=\"widget\" data-settings=\"{&quot;ekit_we_effect_on&quot;:&quot;none&quot;}\" data-widget_type=\"heading.default\">\n\t\t\t\t<div class=\"elementor-widget-container\">\n\t\t\t\t\t<h1 class=\"elementor-heading-title elementor-size-default\">Immigration Services:<\/h1>\t\t\t\t<\/div>\n\t\t\t\t<\/div>\n\t\t\t\t<div class=\"elementor-element elementor-element-4dbd7c5d elementor-icon-list--layout-traditional elementor-list-item-link-full_width elementor-widget elementor-widget-icon-list\" data-id=\"4dbd7c5d\" data-element_type=\"widget\" data-e-type=\"widget\" data-settings=\"{&quot;ekit_we_effect_on&quot;:&quot;none&quot;}\" data-widget_type=\"icon-list.default\">\n\t\t\t\t<div class=\"elementor-widget-container\">\n\t\t\t\t\t\t\t<ul class=\"elementor-icon-list-items\">\n\t\t\t\t\t\t\t<li class=\"elementor-icon-list-item\">\n\t\t\t\t\t\t\t\t\t\t\t<a href=\"https:\/\/lawitu.com\/en\/accidentes-automovilisticos\/\">\n\n\t\t\t\t\t\t\t\t\t\t\t\t<span class=\"elementor-icon-list-icon\">\n\t\t\t\t\t\t\t<i aria-hidden=\"true\" class=\"fas fa-arrow-circle-right\"><\/i>\t\t\t\t\t\t<\/span>\n\t\t\t\t\t\t\t\t\t\t<span class=\"elementor-icon-list-text\">Car accidents<\/span>\n\t\t\t\t\t\t\t\t\t\t\t<\/a>\n\t\t\t\t\t\t\t\t\t<\/li>\n\t\t\t\t\t\t\t\t<li class=\"elementor-icon-list-item\">\n\t\t\t\t\t\t\t\t\t\t\t<a href=\"https:\/\/lawitu.com\/en\/accidentes-de-camion\/\">\n\n\t\t\t\t\t\t\t\t\t\t\t\t<span class=\"elementor-icon-list-icon\">\n\t\t\t\t\t\t\t<i aria-hidden=\"true\" class=\"fas fa-arrow-circle-right\"><\/i>\t\t\t\t\t\t<\/span>\n\t\t\t\t\t\t\t\t\t\t<span class=\"elementor-icon-list-text\">Truck accidents<\/span>\n\t\t\t\t\t\t\t\t\t\t\t<\/a>\n\t\t\t\t\t\t\t\t\t<\/li>\n\t\t\t\t\t\t\t\t<li class=\"elementor-icon-list-item\">\n\t\t\t\t\t\t\t\t\t\t\t<a href=\"https:\/\/lawitu.com\/en\/accidentes-laborales\/\">\n\n\t\t\t\t\t\t\t\t\t\t\t\t<span class=\"elementor-icon-list-icon\">\n\t\t\t\t\t\t\t<i aria-hidden=\"true\" class=\"fas fa-arrow-circle-right\"><\/i>\t\t\t\t\t\t<\/span>\n\t\t\t\t\t\t\t\t\t\t<span class=\"elementor-icon-list-text\">Work accidents<\/span>\n\t\t\t\t\t\t\t\t\t\t\t<\/a>\n\t\t\t\t\t\t\t\t\t<\/li>\n\t\t\t\t\t\t\t\t<li class=\"elementor-icon-list-item\">\n\t\t\t\t\t\t\t\t\t\t\t<a href=\"https:\/\/lawitu.com\/en\/lesiones-en-refinerias-de-petroleo\/\">\n\n\t\t\t\t\t\t\t\t\t\t\t\t<span class=\"elementor-icon-list-icon\">\n\t\t\t\t\t\t\t<i aria-hidden=\"true\" class=\"fas fa-arrow-circle-right\"><\/i>\t\t\t\t\t\t<\/span>\n\t\t\t\t\t\t\t\t\t\t<span class=\"elementor-icon-list-text\">Accidents in oil wells<\/span>\n\t\t\t\t\t\t\t\t\t\t\t<\/a>\n\t\t\t\t\t\t\t\t\t<\/li>\n\t\t\t\t\t\t\t\t<li class=\"elementor-icon-list-item\">\n\t\t\t\t\t\t\t\t\t\t\t<a href=\"https:\/\/lawitu.com\/en\/muerte-por-negligencia\/\">\n\n\t\t\t\t\t\t\t\t\t\t\t\t<span class=\"elementor-icon-list-icon\">\n\t\t\t\t\t\t\t<i aria-hidden=\"true\" class=\"fas fa-arrow-circle-right\"><\/i>\t\t\t\t\t\t<\/span>\n\t\t\t\t\t\t\t\t\t\t<span class=\"elementor-icon-list-text\">Wrongful death<\/span>\n\t\t\t\t\t\t\t\t\t\t\t<\/a>\n\t\t\t\t\t\t\t\t\t<\/li>\n\t\t\t\t\t\t<\/ul>\n\t\t\t\t\t\t<\/div>\n\t\t\t\t<\/div>\n\t\t\t\t\t<\/div>\n\t\t<\/div>\n\t\t\t\t\t<\/div>\n\t\t<\/section>\n\t\t\t\t<section data-particle_enable=\"false\" data-particle-mobile-disabled=\"false\" class=\"elementor-section elementor-inner-section elementor-element elementor-element-9ea5219 elementor-section-boxed elementor-section-height-default elementor-section-height-default\" data-id=\"9ea5219\" data-element_type=\"section\" data-e-type=\"section\" data-settings=\"{&quot;background_background&quot;:&quot;classic&quot;,&quot;ekit_has_onepagescroll_dot&quot;:&quot;yes&quot;}\">\n\t\t\t\t\t\t<div class=\"elementor-container elementor-column-gap-no\">\n\t\t\t\t\t<div class=\"elementor-column elementor-col-100 elementor-inner-column elementor-element elementor-element-754599f9\" data-id=\"754599f9\" data-element_type=\"column\" data-e-type=\"column\" data-settings=\"{&quot;background_background&quot;:&quot;classic&quot;}\">\n\t\t\t<div class=\"elementor-widget-wrap elementor-element-populated\">\n\t\t\t\t\t<div class=\"elementor-background-overlay\"><\/div>\n\t\t\t\t\t\t<div class=\"elementor-element elementor-element-1e321e5 elementor-widget elementor-widget-elementskit-heading\" data-id=\"1e321e5\" data-element_type=\"widget\" data-e-type=\"widget\" data-settings=\"{&quot;ekit_we_effect_on&quot;:&quot;none&quot;}\" data-widget_type=\"elementskit-heading.default\">\n\t\t\t\t<div class=\"elementor-widget-container\">\n\t\t\t\t\t<div class=\"ekit-wid-con\" ><div class=\"ekit-heading elementskit-section-title-wraper text_left   ekit_heading_tablet-   ekit_heading_mobile-text_center\">\t\t\t\t<div class='ekit-heading__description'>\n\t\t\t\t\t<p><strong>For more information about LAWITU's advisory service to obtain citizenship by naturalization, you can schedule a free consultation or call us by phone.<\/strong><\/p>\n\t\t\t\t<\/div>\n\t\t\t<\/div><\/div>\t\t\t\t<\/div>\n\t\t\t\t<\/div>\n\t\t\t\t<div class=\"elementor-element elementor-element-bf99244 elementor-widget elementor-widget-elementskit-heading\" data-id=\"bf99244\" data-element_type=\"widget\" data-e-type=\"widget\" data-settings=\"{&quot;ekit_we_effect_on&quot;:&quot;none&quot;}\" data-widget_type=\"elementskit-heading.default\">\n\t\t\t\t<div class=\"elementor-widget-container\">\n\t\t\t\t\t<div class=\"ekit-wid-con\" ><div class=\"ekit-heading elementskit-section-title-wraper text_left   ekit_heading_tablet-   ekit_heading_mobile-text_center\"><a href=\"tel:18882620202\"><h5 class=\"ekit-heading--title elementskit-section-title\">Call us : <span><span>(1) 888 262 0202<\/span><\/span><\/h5><\/a><\/div><\/div>\t\t\t\t<\/div>\n\t\t\t\t<\/div>\n\t\t\t\t<div class=\"elementor-element elementor-element-6769651 elementor-widget elementor-widget-button\" data-id=\"6769651\" data-element_type=\"widget\" data-e-type=\"widget\" data-settings=\"{&quot;ekit_we_effect_on&quot;:&quot;none&quot;}\" data-widget_type=\"button.default\">\n\t\t\t\t<div class=\"elementor-widget-container\">\n\t\t\t\t\t\t\t\t\t<div class=\"elementor-button-wrapper\">\n\t\t\t\t\t<a class=\"elementor-button elementor-button-link elementor-size-sm\" href=\"#\">\n\t\t\t\t\t\t<span class=\"elementor-button-content-wrapper\">\n\t\t\t\t\t\t\t\t\t<span class=\"elementor-button-text\">SCHEDULE A FREE CONSULTATION<\/span>\n\t\t\t\t\t<\/span>\n\t\t\t\t\t<\/a>\n\t\t\t\t<\/div>\n\t\t\t\t\t\t\t\t<\/div>\n\t\t\t\t<\/div>\n\t\t\t\t\t<\/div>\n\t\t<\/div>\n\t\t\t\t\t<\/div>\n\t\t<\/section>\n\t\t\t\t\t<\/div>\n\t\t<\/div>\n\t\t\t\t\t<\/div>\n\t\t<\/section>\n\t\t\t\t<\/div>","protected":false},"excerpt":{"rendered":"<p>LAWITU ofrece un servicio integral de asesor\u00eda para ayudarte a obtener la ciudadan\u00eda estadounidense por naturalizaci\u00f3n. Su equipo de abogados especializados en inmigraci\u00f3n te acompa\u00f1ar\u00e1 en cada paso del proceso, desde la evaluaci\u00f3n inicial hasta la entrevista final con USCIS. Los servicios que ofrece LAWITU incluyen: Evaluaci\u00f3n gratuita de tu caso: Un abogado de LAWITU [&hellip;]<\/p>\n","protected":false},"author":1,"featured_media":0,"parent":0,"menu_order":0,"comment_status":"closed","ping_status":"closed","template":"elementor_header_footer","meta":{"_joinchat":[],"footnotes":""},"class_list":["post-1093","page","type-page","status-publish","hentry"],"yoast_head":"<!-- This site is optimized with the Yoast SEO plugin v26.9 - https:\/\/yoast.com\/product\/yoast-seo-wordpress\/ -->\n<title>Visas - Lawitu<\/title>\n<meta name=\"robots\" content=\"index, follow, max-snippet:-1, max-image-preview:large, max-video-preview:-1\" \/>\n<link rel=\"canonical\" href=\"https:\/\/lawitu.com\/en\/visas\/\" \/>\n<meta property=\"og:locale\" content=\"en_US\" \/>\n<meta property=\"og:type\" content=\"article\" \/>\n<meta property=\"og:title\" content=\"Visas - Lawitu\" \/>\n<meta property=\"og:description\" content=\"LAWITU ofrece un servicio integral de asesor\u00eda para ayudarte a obtener la ciudadan\u00eda estadounidense por naturalizaci\u00f3n. Su equipo de abogados especializados en inmigraci\u00f3n te acompa\u00f1ar\u00e1 en cada paso del proceso, desde la evaluaci\u00f3n inicial hasta la entrevista final con USCIS. Los servicios que ofrece LAWITU incluyen: Evaluaci\u00f3n gratuita de tu caso: Un abogado de LAWITU [&hellip;]\" \/>\n<meta property=\"og:url\" content=\"https:\/\/lawitu.com\/en\/visas\/\" \/>\n<meta property=\"og:site_name\" content=\"Lawitu\" \/>\n<meta property=\"article:publisher\" content=\"https:\/\/www.facebook.com\/thelawwithyou\" \/>\n<meta property=\"article:modified_time\" content=\"2024-05-18T21:09:06+00:00\" \/>\n<meta property=\"og:image\" content=\"https:\/\/lawitu.com\/wp-content\/uploads\/2024\/02\/inmigracion-ciudadania-por-naturalizacion-2.jpg\" \/>\n<meta name=\"twitter:card\" content=\"summary_large_image\" \/>\n<meta name=\"twitter:site\" content=\"@thelawwithyou\" \/>\n<meta name=\"twitter:label1\" content=\"Est. reading time\" \/>\n\t<meta name=\"twitter:data1\" content=\"2 minutes\" \/>\n<script type=\"application\/ld+json\" class=\"yoast-schema-graph\">{\"@context\":\"https:\/\/schema.org\",\"@graph\":[{\"@type\":\"WebPage\",\"@id\":\"https:\/\/lawitu.com\/visas\/\",\"url\":\"https:\/\/lawitu.com\/visas\/\",\"name\":\"Visas - Lawitu\",\"isPartOf\":{\"@id\":\"https:\/\/lawitu.com\/#website\"},\"primaryImageOfPage\":{\"@id\":\"https:\/\/lawitu.com\/visas\/#primaryimage\"},\"image\":{\"@id\":\"https:\/\/lawitu.com\/visas\/#primaryimage\"},\"thumbnailUrl\":\"https:\/\/lawitu.com\/wp-content\/uploads\/2024\/02\/inmigracion-ciudadania-por-naturalizacion-2.jpg\",\"datePublished\":\"2024-02-29T08:23:45+00:00\",\"dateModified\":\"2024-05-18T21:09:06+00:00\",\"breadcrumb\":{\"@id\":\"https:\/\/lawitu.com\/visas\/#breadcrumb\"},\"inLanguage\":\"en-US\",\"potentialAction\":[{\"@type\":\"ReadAction\",\"target\":[\"https:\/\/lawitu.com\/visas\/\"]}]},{\"@type\":\"ImageObject\",\"inLanguage\":\"en-US\",\"@id\":\"https:\/\/lawitu.com\/visas\/#primaryimage\",\"url\":\"https:\/\/lawitu.com\/wp-content\/uploads\/2024\/02\/inmigracion-ciudadania-por-naturalizacion-2.jpg\",\"contentUrl\":\"https:\/\/lawitu.com\/wp-content\/uploads\/2024\/02\/inmigracion-ciudadania-por-naturalizacion-2.jpg\"},{\"@type\":\"BreadcrumbList\",\"@id\":\"https:\/\/lawitu.com\/visas\/#breadcrumb\",\"itemListElement\":[{\"@type\":\"ListItem\",\"position\":1,\"name\":\"Home\",\"item\":\"https:\/\/lawitu.com\/\"},{\"@type\":\"ListItem\",\"position\":2,\"name\":\"Visas\"}]},{\"@type\":\"WebSite\",\"@id\":\"https:\/\/lawitu.com\/#website\",\"url\":\"https:\/\/lawitu.com\/\",\"name\":\"Lawitu\",\"description\":\"\",\"publisher\":{\"@id\":\"https:\/\/lawitu.com\/#organization\"},\"potentialAction\":[{\"@type\":\"SearchAction\",\"target\":{\"@type\":\"EntryPoint\",\"urlTemplate\":\"https:\/\/lawitu.com\/?s={search_term_string}\"},\"query-input\":{\"@type\":\"PropertyValueSpecification\",\"valueRequired\":true,\"valueName\":\"search_term_string\"}}],\"inLanguage\":\"en-US\"},{\"@type\":\"Organization\",\"@id\":\"https:\/\/lawitu.com\/#organization\",\"name\":\"Lawitu\",\"url\":\"https:\/\/lawitu.com\/\",\"logo\":{\"@type\":\"ImageObject\",\"inLanguage\":\"en-US\",\"@id\":\"https:\/\/lawitu.com\/#\/schema\/logo\/image\/\",\"url\":\"https:\/\/lawitu.com\/wp-content\/uploads\/2023\/09\/icono-logo-naranja.svg\",\"contentUrl\":\"https:\/\/lawitu.com\/wp-content\/uploads\/2023\/09\/icono-logo-naranja.svg\",\"width\":200,\"height\":200,\"caption\":\"Lawitu\"},\"image\":{\"@id\":\"https:\/\/lawitu.com\/#\/schema\/logo\/image\/\"},\"sameAs\":[\"https:\/\/www.facebook.com\/thelawwithyou\",\"https:\/\/x.com\/thelawwithyou\"]}]}<\/script>\n<!-- \/ Yoast SEO plugin. -->","yoast_head_json":{"title":"Visas - Lawitu","robots":{"index":"index","follow":"follow","max-snippet":"max-snippet:-1","max-image-preview":"max-image-preview:large","max-video-preview":"max-video-preview:-1"},"canonical":"https:\/\/lawitu.com\/en\/visas\/","og_locale":"en_US","og_type":"article","og_title":"Visas - Lawitu","og_description":"LAWITU ofrece un servicio integral de asesor\u00eda para ayudarte a obtener la ciudadan\u00eda estadounidense por naturalizaci\u00f3n. Su equipo de abogados especializados en inmigraci\u00f3n te acompa\u00f1ar\u00e1 en cada paso del proceso, desde la evaluaci\u00f3n inicial hasta la entrevista final con USCIS. Los servicios que ofrece LAWITU incluyen: Evaluaci\u00f3n gratuita de tu caso: Un abogado de LAWITU [&hellip;]","og_url":"https:\/\/lawitu.com\/en\/visas\/","og_site_name":"Lawitu","article_publisher":"https:\/\/www.facebook.com\/thelawwithyou","article_modified_time":"2024-05-18T21:09:06+00:00","og_image":[{"url":"https:\/\/lawitu.com\/wp-content\/uploads\/2024\/02\/inmigracion-ciudadania-por-naturalizacion-2.jpg","type":"","width":"","height":""}],"twitter_card":"summary_large_image","twitter_site":"@thelawwithyou","twitter_misc":{"Est. reading time":"2 minutes"},"schema":{"@context":"https:\/\/schema.org","@graph":[{"@type":"WebPage","@id":"https:\/\/lawitu.com\/visas\/","url":"https:\/\/lawitu.com\/visas\/","name":"Visas - Lawitu","isPartOf":{"@id":"https:\/\/lawitu.com\/#website"},"primaryImageOfPage":{"@id":"https:\/\/lawitu.com\/visas\/#primaryimage"},"image":{"@id":"https:\/\/lawitu.com\/visas\/#primaryimage"},"thumbnailUrl":"https:\/\/lawitu.com\/wp-content\/uploads\/2024\/02\/inmigracion-ciudadania-por-naturalizacion-2.jpg","datePublished":"2024-02-29T08:23:45+00:00","dateModified":"2024-05-18T21:09:06+00:00","breadcrumb":{"@id":"https:\/\/lawitu.com\/visas\/#breadcrumb"},"inLanguage":"en-US","potentialAction":[{"@type":"ReadAction","target":["https:\/\/lawitu.com\/visas\/"]}]},{"@type":"ImageObject","inLanguage":"en-US","@id":"https:\/\/lawitu.com\/visas\/#primaryimage","url":"https:\/\/lawitu.com\/wp-content\/uploads\/2024\/02\/inmigracion-ciudadania-por-naturalizacion-2.jpg","contentUrl":"https:\/\/lawitu.com\/wp-content\/uploads\/2024\/02\/inmigracion-ciudadania-por-naturalizacion-2.jpg"},{"@type":"BreadcrumbList","@id":"https:\/\/lawitu.com\/visas\/#breadcrumb","itemListElement":[{"@type":"ListItem","position":1,"name":"Home","item":"https:\/\/lawitu.com\/"},{"@type":"ListItem","position":2,"name":"Visas"}]},{"@type":"WebSite","@id":"https:\/\/lawitu.com\/#website","url":"https:\/\/lawitu.com\/","name":"Lawitu","description":"","publisher":{"@id":"https:\/\/lawitu.com\/#organization"},"potentialAction":[{"@type":"SearchAction","target":{"@type":"EntryPoint","urlTemplate":"https:\/\/lawitu.com\/?s={search_term_string}"},"query-input":{"@type":"PropertyValueSpecification","valueRequired":true,"valueName":"search_term_string"}}],"inLanguage":"en-US"},{"@type":"Organization","@id":"https:\/\/lawitu.com\/#organization","name":"Lawitu","url":"https:\/\/lawitu.com\/","logo":{"@type":"ImageObject","inLanguage":"en-US","@id":"https:\/\/lawitu.com\/#\/schema\/logo\/image\/","url":"https:\/\/lawitu.com\/wp-content\/uploads\/2023\/09\/icono-logo-naranja.svg","contentUrl":"https:\/\/lawitu.com\/wp-content\/uploads\/2023\/09\/icono-logo-naranja.svg","width":200,"height":200,"caption":"Lawitu"},"image":{"@id":"https:\/\/lawitu.com\/#\/schema\/logo\/image\/"},"sameAs":["https:\/\/www.facebook.com\/thelawwithyou","https:\/\/x.com\/thelawwithyou"]}]}},"_links":{"self":[{"href":"https:\/\/lawitu.com\/en\/wp-json\/wp\/v2\/pages\/1093","targetHints":{"allow":["GET"]}}],"collection":[{"href":"https:\/\/lawitu.com\/en\/wp-json\/wp\/v2\/pages"}],"about":[{"href":"https:\/\/lawitu.com\/en\/wp-json\/wp\/v2\/types\/page"}],"author":[{"embeddable":true,"href":"https:\/\/lawitu.com\/en\/wp-json\/wp\/v2\/users\/1"}],"replies":[{"embeddable":true,"href":"https:\/\/lawitu.com\/en\/wp-json\/wp\/v2\/comments?post=1093"}],"version-history":[{"count":6,"href":"https:\/\/lawitu.com\/en\/wp-json\/wp\/v2\/pages\/1093\/revisions"}],"predecessor-version":[{"id":2043,"href":"https:\/\/lawitu.com\/en\/wp-json\/wp\/v2\/pages\/1093\/revisions\/2043"}],"wp:attachment":[{"href":"https:\/\/lawitu.com\/en\/wp-json\/wp\/v2\/media?parent=1093"}],"curies":[{"name":"wp","href":"https:\/\/api.w.org\/{rel}","templated":true}]}}