{"id":1054,"date":"2024-02-28T23:36:20","date_gmt":"2024-02-29T04:36:20","guid":{"rendered":"https:\/\/lawitu.com\/?page_id=1054"},"modified":"2024-05-18T16:11:53","modified_gmt":"2024-05-18T21:11:53","slug":"accidentes-automovilisticos","status":"publish","type":"page","link":"https:\/\/lawitu.com\/en\/accidentes\/accidentes-automovilisticos\/","title":{"rendered":"Car accidents"},"content":{"rendered":"<div data-elementor-type=\"wp-page\" data-elementor-id=\"1054\" class=\"elementor elementor-1054\" data-elementor-post-type=\"page\">\n\t\t\t\t\t\t<section data-particle_enable=\"false\" data-particle-mobile-disabled=\"false\" class=\"elementor-section elementor-top-section elementor-element elementor-element-2c00fd5 elementor-section-boxed elementor-section-height-default elementor-section-height-default\" data-id=\"2c00fd5\" data-element_type=\"section\" data-e-type=\"section\" data-settings=\"{&quot;ekit_has_onepagescroll_dot&quot;:&quot;yes&quot;}\">\n\t\t\t\t\t\t<div class=\"elementor-container elementor-column-gap-no\">\n\t\t\t\t\t<div class=\"elementor-column elementor-col-50 elementor-top-column elementor-element elementor-element-2cbca6a0\" data-id=\"2cbca6a0\" data-element_type=\"column\" data-e-type=\"column\">\n\t\t\t<div class=\"elementor-widget-wrap elementor-element-populated\">\n\t\t\t\t\t\t<div class=\"elementor-element elementor-element-0d99318 elementor-widget elementor-widget-heading\" data-id=\"0d99318\" data-element_type=\"widget\" data-e-type=\"widget\" data-settings=\"{&quot;ekit_we_effect_on&quot;:&quot;none&quot;}\" data-widget_type=\"heading.default\">\n\t\t\t\t<div class=\"elementor-widget-container\">\n\t\t\t\t\t<h2 class=\"elementor-heading-title elementor-size-default\">Car accidents<\/h2>\t\t\t\t<\/div>\n\t\t\t\t<\/div>\n\t\t\t\t<div class=\"elementor-element elementor-element-200dc00a elementor-widget elementor-widget-image\" data-id=\"200dc00a\" data-element_type=\"widget\" data-e-type=\"widget\" data-settings=\"{&quot;ekit_we_effect_on&quot;:&quot;none&quot;}\" data-widget_type=\"image.default\">\n\t\t\t\t<div class=\"elementor-widget-container\">\n\t\t\t\t\t\t\t\t\t\t\t\t\t\t\t<img fetchpriority=\"high\" decoding=\"async\" width=\"800\" height=\"533\" src=\"https:\/\/lawitu.com\/wp-content\/uploads\/2023\/12\/accidentes-automovilisticos.jpg\" class=\"attachment-large size-large wp-image-372\" alt=\"\" srcset=\"https:\/\/lawitu.com\/wp-content\/uploads\/2023\/12\/accidentes-automovilisticos.jpg 800w, https:\/\/lawitu.com\/wp-content\/uploads\/2023\/12\/accidentes-automovilisticos-300x200.jpg 300w, https:\/\/lawitu.com\/wp-content\/uploads\/2023\/12\/accidentes-automovilisticos-768x512.jpg 768w\" sizes=\"(max-width: 800px) 100vw, 800px\" \/>\t\t\t\t\t\t\t\t\t\t\t\t\t\t\t<\/div>\n\t\t\t\t<\/div>\n\t\t\t\t<div class=\"elementor-element elementor-element-243c345 elementor-widget elementor-widget-text-editor\" data-id=\"243c345\" data-element_type=\"widget\" data-e-type=\"widget\" data-settings=\"{&quot;ekit_we_effect_on&quot;:&quot;none&quot;}\" data-widget_type=\"text-editor.default\">\n\t\t\t\t<div class=\"elementor-widget-container\">\n\t\t\t\t\t\t\t\t\t<p><b>When you are in a car accident, you may not know what to do.<\/b><span style=\"font-weight: 400;\"> At LAWITU, we say: <\/span><b>Ask the experts.<\/b><span style=\"font-weight: 400;\"> Ask our attorneys who have prosecuted and defended people who have been involved in car and truck accidents.<\/span><\/p><p><b>At LAWITU, we have a unique approach to customer service, where the customer is the center of our focus.<\/b><span style=\"font-weight: 400;\"> Our team has attorneys who have successfully represented thousands of drivers and passengers who were <\/span><b>wrongfully injured<\/b><span style=\"font-weight: 400;\"> in car accidents.<\/span><\/p><p><b>We advise on all your questions, needs and challenges you face as a car accident victim.<\/b><span style=\"font-weight: 400;\"> We employ a dedicated team of professionals who have the <\/span><b>experience<\/b><span style=\"font-weight: 400;\"> to maximize the recovery of injury victims and the loved ones of those killed in a car accident.<\/span><\/p><p><b>If you have been injured by a drunk driver or careless driver, we can assist you in the police process.<\/b><span style=\"font-weight: 400;\"> And if you have been <\/span><b>wrongly accused<\/b><span style=\"font-weight: 400;\"> of causing an accident, we can still help you and recover your case. We understand how to help you with your damaged <\/span><b>car<\/b><span style=\"font-weight: 400;\"> and seek medical <\/span><b>attention<\/b><span style=\"font-weight: 400;\"> for your injuries.<\/span><\/p><p><b>We also do something special and unique: our attorneys answer our own phones and return your calls.<\/b><span style=\"font-weight: 400;\"> Our clients are our priority.<\/span><\/p>\t\t\t\t\t\t\t\t<\/div>\n\t\t\t\t<\/div>\n\t\t\t\t\t<\/div>\n\t\t<\/div>\n\t\t\t\t<div class=\"elementor-column elementor-col-50 elementor-top-column elementor-element elementor-element-62438329\" data-id=\"62438329\" data-element_type=\"column\" data-e-type=\"column\">\n\t\t\t<div class=\"elementor-widget-wrap elementor-element-populated\">\n\t\t\t\t\t\t<section data-particle_enable=\"false\" data-particle-mobile-disabled=\"false\" class=\"elementor-section elementor-inner-section elementor-element elementor-element-9a081b3 elementor-section-boxed elementor-section-height-default elementor-section-height-default\" data-id=\"9a081b3\" data-element_type=\"section\" data-e-type=\"section\" data-settings=\"{&quot;background_background&quot;:&quot;classic&quot;,&quot;ekit_has_onepagescroll_dot&quot;:&quot;yes&quot;}\">\n\t\t\t\t\t\t<div class=\"elementor-container elementor-column-gap-no\">\n\t\t\t\t\t<div class=\"elementor-column elementor-col-100 elementor-inner-column elementor-element elementor-element-902e037\" data-id=\"902e037\" data-element_type=\"column\" data-e-type=\"column\" data-settings=\"{&quot;background_background&quot;:&quot;classic&quot;}\">\n\t\t\t<div class=\"elementor-widget-wrap elementor-element-populated\">\n\t\t\t\t\t<div class=\"elementor-background-overlay\"><\/div>\n\t\t\t\t\t\t<div class=\"elementor-element elementor-element-7ba640e ekit-equal-height-disable elementor-invisible elementor-widget elementor-widget-elementskit-icon-box\" data-id=\"7ba640e\" data-element_type=\"widget\" data-e-type=\"widget\" data-settings=\"{&quot;_animation&quot;:&quot;fadeInUp&quot;,&quot;ekit_we_effect_on&quot;:&quot;none&quot;}\" data-widget_type=\"elementskit-icon-box.default\">\n\t\t\t\t<div class=\"elementor-widget-container\">\n\t\t\t\t\t<div class=\"ekit-wid-con\" >        <!-- link opening -->\n                <a href=\"#\" class=\"ekit_global_links\">\n                <!-- end link opening -->\n\n        <div class=\"elementskit-infobox text-left text- icon-lef-right-aligin elementor-animation-\">\n                        <div class=\"box-body\">\n                            <h3 class=\"elementskit-info-box-title\">\n                    Car accidents                <\/h3>\n                                            <\/div>\n        \n        \n                <\/div>\n                <\/a>\n        <\/div>\t\t\t\t<\/div>\n\t\t\t\t<\/div>\n\t\t\t\t<div class=\"elementor-element elementor-element-92d492f ekit-equal-height-disable elementor-invisible elementor-widget elementor-widget-elementskit-icon-box\" data-id=\"92d492f\" data-element_type=\"widget\" data-e-type=\"widget\" data-settings=\"{&quot;_animation&quot;:&quot;fadeInUp&quot;,&quot;ekit_we_effect_on&quot;:&quot;none&quot;}\" data-widget_type=\"elementskit-icon-box.default\">\n\t\t\t\t<div class=\"elementor-widget-container\">\n\t\t\t\t\t<div class=\"ekit-wid-con\" >        <!-- link opening -->\n                <a href=\"https:\/\/lawitu.com\/en\/accidentes\/accidentes-de-camion\/\" class=\"ekit_global_links\">\n                <!-- end link opening -->\n\n        <div class=\"elementskit-infobox text-left text- icon-lef-right-aligin elementor-animation-  gradient-active  hover_from_right\">\n                        <div class=\"box-body\">\n                            <h3 class=\"elementskit-info-box-title\">\n                    Truck accidents                <\/h3>\n                                            <\/div>\n        \n        \n                <\/div>\n                <\/a>\n        <\/div>\t\t\t\t<\/div>\n\t\t\t\t<\/div>\n\t\t\t\t<div class=\"elementor-element elementor-element-9fa4eee ekit-equal-height-disable elementor-invisible elementor-widget elementor-widget-elementskit-icon-box\" data-id=\"9fa4eee\" data-element_type=\"widget\" data-e-type=\"widget\" data-settings=\"{&quot;_animation&quot;:&quot;fadeInUp&quot;,&quot;ekit_we_effect_on&quot;:&quot;none&quot;}\" data-widget_type=\"elementskit-icon-box.default\">\n\t\t\t\t<div class=\"elementor-widget-container\">\n\t\t\t\t\t<div class=\"ekit-wid-con\" >        <!-- link opening -->\n                <a href=\"https:\/\/lawitu.com\/en\/accidentes\/accidentes-laborales\/\" class=\"ekit_global_links\">\n                <!-- end link opening -->\n\n        <div class=\"elementskit-infobox text-left text- icon-lef-right-aligin elementor-animation-  gradient-active  hover_from_right\">\n                        <div class=\"box-body\">\n                            <h3 class=\"elementskit-info-box-title\">\n                    Work accidents                <\/h3>\n                                            <\/div>\n        \n        \n                <\/div>\n                <\/a>\n        <\/div>\t\t\t\t<\/div>\n\t\t\t\t<\/div>\n\t\t\t\t<div class=\"elementor-element elementor-element-d062ebb ekit-equal-height-disable elementor-invisible elementor-widget elementor-widget-elementskit-icon-box\" data-id=\"d062ebb\" data-element_type=\"widget\" data-e-type=\"widget\" data-settings=\"{&quot;_animation&quot;:&quot;fadeInUp&quot;,&quot;ekit_we_effect_on&quot;:&quot;none&quot;}\" data-widget_type=\"elementskit-icon-box.default\">\n\t\t\t\t<div class=\"elementor-widget-container\">\n\t\t\t\t\t<div class=\"ekit-wid-con\" >        <!-- link opening -->\n                <a href=\"https:\/\/lawitu.com\/en\/accidentes\/lesiones-en-refinerias-de-petroleo\/\" class=\"ekit_global_links\">\n                <!-- end link opening -->\n\n        <div class=\"elementskit-infobox text-left text- icon-lef-right-aligin elementor-animation-  gradient-active  hover_from_right\">\n                        <div class=\"box-body\">\n                            <h3 class=\"elementskit-info-box-title\">\n                    Accidents in oil wells                <\/h3>\n                                            <\/div>\n        \n        \n                <\/div>\n                <\/a>\n        <\/div>\t\t\t\t<\/div>\n\t\t\t\t<\/div>\n\t\t\t\t<div class=\"elementor-element elementor-element-09a6868 ekit-equal-height-disable elementor-invisible elementor-widget elementor-widget-elementskit-icon-box\" data-id=\"09a6868\" data-element_type=\"widget\" data-e-type=\"widget\" data-settings=\"{&quot;_animation&quot;:&quot;fadeInUp&quot;,&quot;ekit_we_effect_on&quot;:&quot;none&quot;}\" data-widget_type=\"elementskit-icon-box.default\">\n\t\t\t\t<div class=\"elementor-widget-container\">\n\t\t\t\t\t<div class=\"ekit-wid-con\" >        <!-- link opening -->\n                <a href=\"https:\/\/lawitu.com\/en\/accidentes\/muerte-por-negligencia\/\" class=\"ekit_global_links\">\n                <!-- end link opening -->\n\n        <div class=\"elementskit-infobox text-left text- icon-lef-right-aligin elementor-animation-  gradient-active  hover_from_right\">\n                        <div class=\"box-body\">\n                            <h3 class=\"elementskit-info-box-title\">\n                    Wrongful death                <\/h3>\n                                            <\/div>\n        \n        \n                <\/div>\n                <\/a>\n        <\/div>\t\t\t\t<\/div>\n\t\t\t\t<\/div>\n\t\t\t\t\t<\/div>\n\t\t<\/div>\n\t\t\t\t\t<\/div>\n\t\t<\/section>\n\t\t\t\t<section data-particle_enable=\"false\" data-particle-mobile-disabled=\"false\" class=\"elementor-section elementor-inner-section elementor-element elementor-element-9ea5219 elementor-section-boxed elementor-section-height-default elementor-section-height-default\" data-id=\"9ea5219\" data-element_type=\"section\" data-e-type=\"section\" data-settings=\"{&quot;background_background&quot;:&quot;classic&quot;,&quot;ekit_has_onepagescroll_dot&quot;:&quot;yes&quot;}\">\n\t\t\t\t\t\t<div class=\"elementor-container elementor-column-gap-no\">\n\t\t\t\t\t<div class=\"elementor-column elementor-col-100 elementor-inner-column elementor-element elementor-element-754599f9\" data-id=\"754599f9\" data-element_type=\"column\" data-e-type=\"column\" data-settings=\"{&quot;background_background&quot;:&quot;classic&quot;}\">\n\t\t\t<div class=\"elementor-widget-wrap elementor-element-populated\">\n\t\t\t\t\t<div class=\"elementor-background-overlay\"><\/div>\n\t\t\t\t\t\t<div class=\"elementor-element elementor-element-1e321e5 elementor-widget elementor-widget-elementskit-heading\" data-id=\"1e321e5\" data-element_type=\"widget\" data-e-type=\"widget\" data-settings=\"{&quot;ekit_we_effect_on&quot;:&quot;none&quot;}\" data-widget_type=\"elementskit-heading.default\">\n\t\t\t\t<div class=\"elementor-widget-container\">\n\t\t\t\t\t<div class=\"ekit-wid-con\" ><div class=\"ekit-heading elementskit-section-title-wraper text_left   ekit_heading_tablet-   ekit_heading_mobile-text_center\"><h5 class=\"ekit-heading--title elementskit-section-title\">Have you been in a car accident in the United States?<\/h5><h3 class=\"ekit-heading--subtitle elementskit-section-subtitle\">\n\t\t\t\t\t\tYOUR IMMIGRATION STATUS DOES NOT MATTER\n\t\t\t\t\t<\/h3>\t\t\t\t<div class='ekit-heading__description'>\n\t\t\t\t\t<p>Do not hesitate to obtain specialized legal advice from LAWITU. Our attorneys can help you protect your rights and obtain the maximum compensation possible for your injuries, damages, and other harms.<\/p>\n\t\t\t\t<\/div>\n\t\t\t<\/div><\/div>\t\t\t\t<\/div>\n\t\t\t\t<\/div>\n\t\t\t\t<div class=\"elementor-element elementor-element-bf99244 elementor-widget elementor-widget-elementskit-heading\" data-id=\"bf99244\" data-element_type=\"widget\" data-e-type=\"widget\" data-settings=\"{&quot;ekit_we_effect_on&quot;:&quot;none&quot;}\" data-widget_type=\"elementskit-heading.default\">\n\t\t\t\t<div class=\"elementor-widget-container\">\n\t\t\t\t\t<div class=\"ekit-wid-con\" ><div class=\"ekit-heading elementskit-section-title-wraper text_left   ekit_heading_tablet-   ekit_heading_mobile-text_center\"><a href=\"tel:18882620202\"><h5 class=\"ekit-heading--title elementskit-section-title\">Call us : <span><span>(1) 888 262 0202<\/span><\/span><\/h5><\/a><\/div><\/div>\t\t\t\t<\/div>\n\t\t\t\t<\/div>\n\t\t\t\t<div class=\"elementor-element elementor-element-6769651 elementor-widget elementor-widget-button\" data-id=\"6769651\" data-element_type=\"widget\" data-e-type=\"widget\" data-settings=\"{&quot;ekit_we_effect_on&quot;:&quot;none&quot;}\" data-widget_type=\"button.default\">\n\t\t\t\t<div class=\"elementor-widget-container\">\n\t\t\t\t\t\t\t\t\t<div class=\"elementor-button-wrapper\">\n\t\t\t\t\t<a class=\"elementor-button elementor-button-link elementor-size-sm\" href=\"#\">\n\t\t\t\t\t\t<span class=\"elementor-button-content-wrapper\">\n\t\t\t\t\t\t\t\t\t<span class=\"elementor-button-text\">SCHEDULE A FREE CONSULTATION<\/span>\n\t\t\t\t\t<\/span>\n\t\t\t\t\t<\/a>\n\t\t\t\t<\/div>\n\t\t\t\t\t\t\t\t<\/div>\n\t\t\t\t<\/div>\n\t\t\t\t\t<\/div>\n\t\t<\/div>\n\t\t\t\t\t<\/div>\n\t\t<\/section>\n\t\t\t\t\t<\/div>\n\t\t<\/div>\n\t\t\t\t\t<\/div>\n\t\t<\/section>\n\t\t\t\t<\/div>","protected":false},"excerpt":{"rendered":"<p>Cuando se encuentra en un accidente automovil\u00edstico, es posible que no sepa qu\u00e9 hacer. En LAWITU, le decimos: Pregunte a los expertos. Preg\u00fantele a nuestros abogados que han procesado y defendido a personas que han estado involucradas en accidentes automovil\u00edsticos y de camiones. En LAWITU, tenemos un enfoque \u00fanico de servicio al cliente, donde el [&hellip;]<\/p>\n","protected":false},"author":1,"featured_media":0,"parent":1049,"menu_order":0,"comment_status":"closed","ping_status":"closed","template":"elementor_header_footer","meta":{"_joinchat":[],"footnotes":""},"class_list":["post-1054","page","type-page","status-publish","hentry"],"yoast_head":"<!-- This site is optimized with the Yoast SEO plugin v26.9 - https:\/\/yoast.com\/product\/yoast-seo-wordpress\/ -->\n<title>Accidentes Automovil\u00edsticos - Lawitu<\/title>\n<meta name=\"robots\" content=\"index, follow, max-snippet:-1, max-image-preview:large, max-video-preview:-1\" \/>\n<link rel=\"canonical\" href=\"https:\/\/lawitu.com\/en\/accidentes\/accidentes-automovilisticos\/\" \/>\n<meta property=\"og:locale\" content=\"en_US\" \/>\n<meta property=\"og:type\" content=\"article\" \/>\n<meta property=\"og:title\" content=\"Accidentes Automovil\u00edsticos - Lawitu\" \/>\n<meta property=\"og:description\" content=\"Cuando se encuentra en un accidente automovil\u00edstico, es posible que no sepa qu\u00e9 hacer. En LAWITU, le decimos: Pregunte a los expertos. Preg\u00fantele a nuestros abogados que han procesado y defendido a personas que han estado involucradas en accidentes automovil\u00edsticos y de camiones. En LAWITU, tenemos un enfoque \u00fanico de servicio al cliente, donde el [&hellip;]\" \/>\n<meta property=\"og:url\" content=\"https:\/\/lawitu.com\/en\/accidentes\/accidentes-automovilisticos\/\" \/>\n<meta property=\"og:site_name\" content=\"Lawitu\" \/>\n<meta property=\"article:publisher\" content=\"https:\/\/www.facebook.com\/thelawwithyou\" \/>\n<meta property=\"article:modified_time\" content=\"2024-05-18T21:11:53+00:00\" \/>\n<meta property=\"og:image\" content=\"https:\/\/lawitu.com\/wp-content\/uploads\/2023\/12\/accidentes-automovilisticos.jpg\" \/>\n<meta name=\"twitter:card\" content=\"summary_large_image\" \/>\n<meta name=\"twitter:site\" content=\"@thelawwithyou\" \/>\n<meta name=\"twitter:label1\" content=\"Est. reading time\" \/>\n\t<meta name=\"twitter:data1\" content=\"2 minutes\" \/>\n<script type=\"application\/ld+json\" class=\"yoast-schema-graph\">{\"@context\":\"https:\/\/schema.org\",\"@graph\":[{\"@type\":\"WebPage\",\"@id\":\"https:\/\/lawitu.com\/en\/accidentes\/accidentes-automovilisticos\/\",\"url\":\"https:\/\/lawitu.com\/en\/accidentes\/accidentes-automovilisticos\/\",\"name\":\"Accidentes Automovil\u00edsticos - Lawitu\",\"isPartOf\":{\"@id\":\"https:\/\/lawitu.com\/#website\"},\"primaryImageOfPage\":{\"@id\":\"https:\/\/lawitu.com\/en\/accidentes\/accidentes-automovilisticos\/#primaryimage\"},\"image\":{\"@id\":\"https:\/\/lawitu.com\/en\/accidentes\/accidentes-automovilisticos\/#primaryimage\"},\"thumbnailUrl\":\"https:\/\/lawitu.com\/wp-content\/uploads\/2023\/12\/accidentes-automovilisticos.jpg\",\"datePublished\":\"2024-02-29T04:36:20+00:00\",\"dateModified\":\"2024-05-18T21:11:53+00:00\",\"breadcrumb\":{\"@id\":\"https:\/\/lawitu.com\/en\/accidentes\/accidentes-automovilisticos\/#breadcrumb\"},\"inLanguage\":\"en-US\",\"potentialAction\":[{\"@type\":\"ReadAction\",\"target\":[\"https:\/\/lawitu.com\/en\/accidentes\/accidentes-automovilisticos\/\"]}]},{\"@type\":\"ImageObject\",\"inLanguage\":\"en-US\",\"@id\":\"https:\/\/lawitu.com\/en\/accidentes\/accidentes-automovilisticos\/#primaryimage\",\"url\":\"https:\/\/lawitu.com\/wp-content\/uploads\/2023\/12\/accidentes-automovilisticos.jpg\",\"contentUrl\":\"https:\/\/lawitu.com\/wp-content\/uploads\/2023\/12\/accidentes-automovilisticos.jpg\"},{\"@type\":\"BreadcrumbList\",\"@id\":\"https:\/\/lawitu.com\/en\/accidentes\/accidentes-automovilisticos\/#breadcrumb\",\"itemListElement\":[{\"@type\":\"ListItem\",\"position\":1,\"name\":\"Home\",\"item\":\"https:\/\/lawitu.com\/\"},{\"@type\":\"ListItem\",\"position\":2,\"name\":\"Accidentes\",\"item\":\"https:\/\/lawitu.com\/accidentes\/\"},{\"@type\":\"ListItem\",\"position\":3,\"name\":\"Accidentes Automovil\u00edsticos\"}]},{\"@type\":\"WebSite\",\"@id\":\"https:\/\/lawitu.com\/#website\",\"url\":\"https:\/\/lawitu.com\/\",\"name\":\"Lawitu\",\"description\":\"\",\"publisher\":{\"@id\":\"https:\/\/lawitu.com\/#organization\"},\"potentialAction\":[{\"@type\":\"SearchAction\",\"target\":{\"@type\":\"EntryPoint\",\"urlTemplate\":\"https:\/\/lawitu.com\/?s={search_term_string}\"},\"query-input\":{\"@type\":\"PropertyValueSpecification\",\"valueRequired\":true,\"valueName\":\"search_term_string\"}}],\"inLanguage\":\"en-US\"},{\"@type\":\"Organization\",\"@id\":\"https:\/\/lawitu.com\/#organization\",\"name\":\"Lawitu\",\"url\":\"https:\/\/lawitu.com\/\",\"logo\":{\"@type\":\"ImageObject\",\"inLanguage\":\"en-US\",\"@id\":\"https:\/\/lawitu.com\/#\/schema\/logo\/image\/\",\"url\":\"https:\/\/lawitu.com\/wp-content\/uploads\/2023\/09\/icono-logo-naranja.svg\",\"contentUrl\":\"https:\/\/lawitu.com\/wp-content\/uploads\/2023\/09\/icono-logo-naranja.svg\",\"width\":200,\"height\":200,\"caption\":\"Lawitu\"},\"image\":{\"@id\":\"https:\/\/lawitu.com\/#\/schema\/logo\/image\/\"},\"sameAs\":[\"https:\/\/www.facebook.com\/thelawwithyou\",\"https:\/\/x.com\/thelawwithyou\"]}]}<\/script>\n<!-- \/ Yoast SEO plugin. -->","yoast_head_json":{"title":"Accidentes Automovil\u00edsticos - Lawitu","robots":{"index":"index","follow":"follow","max-snippet":"max-snippet:-1","max-image-preview":"max-image-preview:large","max-video-preview":"max-video-preview:-1"},"canonical":"https:\/\/lawitu.com\/en\/accidentes\/accidentes-automovilisticos\/","og_locale":"en_US","og_type":"article","og_title":"Accidentes Automovil\u00edsticos - Lawitu","og_description":"Cuando se encuentra en un accidente automovil\u00edstico, es posible que no sepa qu\u00e9 hacer. En LAWITU, le decimos: Pregunte a los expertos. Preg\u00fantele a nuestros abogados que han procesado y defendido a personas que han estado involucradas en accidentes automovil\u00edsticos y de camiones. En LAWITU, tenemos un enfoque \u00fanico de servicio al cliente, donde el [&hellip;]","og_url":"https:\/\/lawitu.com\/en\/accidentes\/accidentes-automovilisticos\/","og_site_name":"Lawitu","article_publisher":"https:\/\/www.facebook.com\/thelawwithyou","article_modified_time":"2024-05-18T21:11:53+00:00","og_image":[{"url":"https:\/\/lawitu.com\/wp-content\/uploads\/2023\/12\/accidentes-automovilisticos.jpg","type":"","width":"","height":""}],"twitter_card":"summary_large_image","twitter_site":"@thelawwithyou","twitter_misc":{"Est. reading time":"2 minutes"},"schema":{"@context":"https:\/\/schema.org","@graph":[{"@type":"WebPage","@id":"https:\/\/lawitu.com\/en\/accidentes\/accidentes-automovilisticos\/","url":"https:\/\/lawitu.com\/en\/accidentes\/accidentes-automovilisticos\/","name":"Accidentes Automovil\u00edsticos - Lawitu","isPartOf":{"@id":"https:\/\/lawitu.com\/#website"},"primaryImageOfPage":{"@id":"https:\/\/lawitu.com\/en\/accidentes\/accidentes-automovilisticos\/#primaryimage"},"image":{"@id":"https:\/\/lawitu.com\/en\/accidentes\/accidentes-automovilisticos\/#primaryimage"},"thumbnailUrl":"https:\/\/lawitu.com\/wp-content\/uploads\/2023\/12\/accidentes-automovilisticos.jpg","datePublished":"2024-02-29T04:36:20+00:00","dateModified":"2024-05-18T21:11:53+00:00","breadcrumb":{"@id":"https:\/\/lawitu.com\/en\/accidentes\/accidentes-automovilisticos\/#breadcrumb"},"inLanguage":"en-US","potentialAction":[{"@type":"ReadAction","target":["https:\/\/lawitu.com\/en\/accidentes\/accidentes-automovilisticos\/"]}]},{"@type":"ImageObject","inLanguage":"en-US","@id":"https:\/\/lawitu.com\/en\/accidentes\/accidentes-automovilisticos\/#primaryimage","url":"https:\/\/lawitu.com\/wp-content\/uploads\/2023\/12\/accidentes-automovilisticos.jpg","contentUrl":"https:\/\/lawitu.com\/wp-content\/uploads\/2023\/12\/accidentes-automovilisticos.jpg"},{"@type":"BreadcrumbList","@id":"https:\/\/lawitu.com\/en\/accidentes\/accidentes-automovilisticos\/#breadcrumb","itemListElement":[{"@type":"ListItem","position":1,"name":"Home","item":"https:\/\/lawitu.com\/"},{"@type":"ListItem","position":2,"name":"Accidentes","item":"https:\/\/lawitu.com\/accidentes\/"},{"@type":"ListItem","position":3,"name":"Accidentes Automovil\u00edsticos"}]},{"@type":"WebSite","@id":"https:\/\/lawitu.com\/#website","url":"https:\/\/lawitu.com\/","name":"Lawitu","description":"","publisher":{"@id":"https:\/\/lawitu.com\/#organization"},"potentialAction":[{"@type":"SearchAction","target":{"@type":"EntryPoint","urlTemplate":"https:\/\/lawitu.com\/?s={search_term_string}"},"query-input":{"@type":"PropertyValueSpecification","valueRequired":true,"valueName":"search_term_string"}}],"inLanguage":"en-US"},{"@type":"Organization","@id":"https:\/\/lawitu.com\/#organization","name":"Lawitu","url":"https:\/\/lawitu.com\/","logo":{"@type":"ImageObject","inLanguage":"en-US","@id":"https:\/\/lawitu.com\/#\/schema\/logo\/image\/","url":"https:\/\/lawitu.com\/wp-content\/uploads\/2023\/09\/icono-logo-naranja.svg","contentUrl":"https:\/\/lawitu.com\/wp-content\/uploads\/2023\/09\/icono-logo-naranja.svg","width":200,"height":200,"caption":"Lawitu"},"image":{"@id":"https:\/\/lawitu.com\/#\/schema\/logo\/image\/"},"sameAs":["https:\/\/www.facebook.com\/thelawwithyou","https:\/\/x.com\/thelawwithyou"]}]}},"_links":{"self":[{"href":"https:\/\/lawitu.com\/en\/wp-json\/wp\/v2\/pages\/1054","targetHints":{"allow":["GET"]}}],"collection":[{"href":"https:\/\/lawitu.com\/en\/wp-json\/wp\/v2\/pages"}],"about":[{"href":"https:\/\/lawitu.com\/en\/wp-json\/wp\/v2\/types\/page"}],"author":[{"embeddable":true,"href":"https:\/\/lawitu.com\/en\/wp-json\/wp\/v2\/users\/1"}],"replies":[{"embeddable":true,"href":"https:\/\/lawitu.com\/en\/wp-json\/wp\/v2\/comments?post=1054"}],"version-history":[{"count":21,"href":"https:\/\/lawitu.com\/en\/wp-json\/wp\/v2\/pages\/1054\/revisions"}],"predecessor-version":[{"id":2070,"href":"https:\/\/lawitu.com\/en\/wp-json\/wp\/v2\/pages\/1054\/revisions\/2070"}],"up":[{"embeddable":true,"href":"https:\/\/lawitu.com\/en\/wp-json\/wp\/v2\/pages\/1049"}],"wp:attachment":[{"href":"https:\/\/lawitu.com\/en\/wp-json\/wp\/v2\/media?parent=1054"}],"curies":[{"name":"wp","href":"https:\/\/api.w.org\/{rel}","templated":true}]}}